{"id":452,"date":"2026-01-30T08:59:28","date_gmt":"2026-01-30T07:59:28","guid":{"rendered":"https:\/\/eventmoebel-nord.de\/?page_id=452"},"modified":"2026-01-30T09:07:06","modified_gmt":"2026-01-30T08:07:06","slug":"452-2","status":"publish","type":"page","link":"https:\/\/eventmoebel-nord.de\/?page_id=452","title":{"rendered":"Stehtisch Wei\u00df 110x70cm"},"content":{"rendered":"    <div class=\"mmp-product\" style=\"max-width:920px;border:1px solid #e7e7e7;border-radius:16px;padding:18px;background:#fff;\">\n        \n        <div style=\"display:grid;grid-template-columns: 1.1fr 0.9fr;gap:18px;align-items:start;\">\n            <div>\n                                    <img decoding=\"async\" id=\"mmp_main_img_185\"\n                         src=\"https:\/\/eventmoebel-nord.de\/wp-content\/uploads\/2026\/01\/IMG_1316.jpeg\"\n                         alt=\"Stehtische wei\u00df, 70\/110\"\n                         style=\"width:100%;height:auto;max-height:420px;object-fit:contain;border-radius:12px;border:1px solid #eee;background:#fff;\">\n                \n                                    <div class=\"mmp-thumbs\" style=\"display:grid;grid-template-columns:repeat(4, 1fr);gap:10px;margin-top:10px;\">\n                                                    <button type=\"button\"\n                                    class=\"mmp-thumb-btn\"\n                                    data-target=\"#mmp_main_img_185\"\n                                    data-large=\"https:\/\/eventmoebel-nord.de\/wp-content\/uploads\/2026\/01\/IMG_1316.jpeg\"\n                                    style=\"border:1px solid #eee;border-radius:10px;padding:0;background:#fff;cursor:pointer;overflow:hidden;\">\n                                <img decoding=\"async\" src=\"https:\/\/eventmoebel-nord.de\/wp-content\/uploads\/2026\/01\/IMG_1316-150x150.jpeg\"\n                                     alt=\"\"\n                                     style=\"width:100%;aspect-ratio:1\/1;object-fit:cover;display:block;\">\n                            <\/button>\n                                                    <button type=\"button\"\n                                    class=\"mmp-thumb-btn\"\n                                    data-target=\"#mmp_main_img_185\"\n                                    data-large=\"https:\/\/eventmoebel-nord.de\/wp-content\/uploads\/2026\/01\/IMG_1321.jpeg\"\n                                    style=\"border:1px solid #eee;border-radius:10px;padding:0;background:#fff;cursor:pointer;overflow:hidden;\">\n                                <img decoding=\"async\" src=\"https:\/\/eventmoebel-nord.de\/wp-content\/uploads\/2026\/01\/IMG_1321-150x150.jpeg\"\n                                     alt=\"\"\n                                     style=\"width:100%;aspect-ratio:1\/1;object-fit:cover;display:block;\">\n                            <\/button>\n                                                    <button type=\"button\"\n                                    class=\"mmp-thumb-btn\"\n                                    data-target=\"#mmp_main_img_185\"\n                                    data-large=\"https:\/\/eventmoebel-nord.de\/wp-content\/uploads\/2026\/01\/IMG_1320.jpeg\"\n                                    style=\"border:1px solid #eee;border-radius:10px;padding:0;background:#fff;cursor:pointer;overflow:hidden;\">\n                                <img decoding=\"async\" src=\"https:\/\/eventmoebel-nord.de\/wp-content\/uploads\/2026\/01\/IMG_1320-150x150.jpeg\"\n                                     alt=\"\"\n                                     style=\"width:100%;aspect-ratio:1\/1;object-fit:cover;display:block;\">\n                            <\/button>\n                                                    <button type=\"button\"\n                                    class=\"mmp-thumb-btn\"\n                                    data-target=\"#mmp_main_img_185\"\n                                    data-large=\"https:\/\/eventmoebel-nord.de\/wp-content\/uploads\/2026\/01\/IMG_1323.jpeg\"\n                                    style=\"border:1px solid #eee;border-radius:10px;padding:0;background:#fff;cursor:pointer;overflow:hidden;\">\n                                <img decoding=\"async\" src=\"https:\/\/eventmoebel-nord.de\/wp-content\/uploads\/2026\/01\/IMG_1323-150x150.jpeg\"\n                                     alt=\"\"\n                                     style=\"width:100%;aspect-ratio:1\/1;object-fit:cover;display:block;\">\n                            <\/button>\n                                                    <button type=\"button\"\n                                    class=\"mmp-thumb-btn\"\n                                    data-target=\"#mmp_main_img_185\"\n                                    data-large=\"https:\/\/eventmoebel-nord.de\/wp-content\/uploads\/2026\/01\/IMG_1322.jpeg\"\n                                    style=\"border:1px solid #eee;border-radius:10px;padding:0;background:#fff;cursor:pointer;overflow:hidden;\">\n                                <img decoding=\"async\" src=\"https:\/\/eventmoebel-nord.de\/wp-content\/uploads\/2026\/01\/IMG_1322-150x150.jpeg\"\n                                     alt=\"\"\n                                     style=\"width:100%;aspect-ratio:1\/1;object-fit:cover;display:block;\">\n                            <\/button>\n                                            <\/div>\n                            <\/div>\n\n            <div>\n                <h2 style=\"margin:0 0 10px 0;\">Stehtische wei\u00df, 70\/110<\/h2>\n\n                <div style=\"font-size:14px;line-height:1.5;color:#444;margin-bottom:12px;\">\n                                    <\/div>\n\n                <div style=\"background:#fafafa;border:1px solid #eee;border-radius:12px;padding:12px;margin-bottom:12px;\">\n                    <div style=\"font-weight:700;margin-bottom:6px;\">Preise (netto \/ brutto)<\/div>\n                                            <div>Kauf: <strong>79,00 \u20ac<\/strong> \/ 94,01 \u20ac<\/div>\n                                                                <div>Miete 1\u20133 Tage: <strong>8,00 \u20ac<\/strong> \/ 9,52 \u20ac pro Tag<\/div>\n                                                    <div>Miete ab 4 Tage: <strong>6,00 \u20ac<\/strong> \/ 7,14 \u20ac pro Tag<\/div>\n                                                                                    <\/div>\n\n                <form method=\"post\" class=\"mmp-product-form\" style=\"border:1px solid #eee;border-radius:12px;padding:12px;\">\n                    <input type=\"hidden\" name=\"mmp_nonce\" value=\"1df5796e26\">\n                    <input type=\"hidden\" name=\"mmp_pid\" value=\"185\">\n\n                    <div class=\"mmp_rental_dates\" style=\"display:flex;gap:10px;flex-wrap:wrap;margin-bottom:10px;\">\n                        <label style=\"flex:1;min-width:180px;\">\n                            Typ\n                            <select name=\"mmp_typ\" style=\"width:100%;padding:8px;border-radius:10px;border:1px solid #ddd;\">\n                                <option value=\"miete\">Miete<\/option>                                <option value=\"kauf\">Kauf<\/option>                            <\/select>\n                        <\/label>\n\n\t\t\t\t\t\t<label class=\"mmp-qty-label\" style=\"flex:0 0 110px;max-width:110px;\">\n                            Menge\n                            <input type=\"number\" min=\"1\" name=\"mmp_qty\" value=\"1\" style=\"width:100%;padding:8px;border-radius:10px;border:1px solid #ddd;\">\n                        <\/label>\n                    <\/div>\n\n                    <div class=\"mmp-date-row\" style=\"display:flex;gap:10px;flex-wrap:wrap;margin-bottom:10px;\">\n                        <label style=\"flex:1;min-width:180px;\">\n                            Start (nur Miete)\n                            <input type=\"text\" name=\"mmp_start\" class=\"mmp_date\" style=\"width:100%;padding:8px;border-radius:10px;border:1px solid #ddd;\" placeholder=\"YYYY-MM-DD\">\n                        <\/label>\n                        <label style=\"flex:1;min-width:180px;\">\n                            Ende (nur Miete)\n                            <input type=\"text\" name=\"mmp_end\" class=\"mmp_date\" style=\"width:100%;padding:8px;border-radius:10px;border:1px solid #ddd;\" placeholder=\"YYYY-MM-DD\">\n                        <\/label>\n                    <\/div>\n                    <div style=\"margin:10px 0;padding:10px;border:1px dashed #ddd;border-radius:12px;background:#fcfcfc;font-size:13px;color:#555;\">\n                        Lieferung\/Abholung sowie Aufbau\/Abbau werden erst im Warenkorb einmalig f\u00fcr den gesamten Auftrag ausgew\u00e4hlt.\n                    <\/div>\n\n                    <div id=\"mmp_price_box_185\" style=\"background:#f7f7f7;border:1px solid #e6e6e6;border-radius:12px;padding:12px;margin:10px 0;\">\n                        <div style=\"font-weight:700;margin-bottom:6px;\">Preisberechnung<\/div>\n                        <div style=\"font-size:14px;line-height:1.4;\">\n                            <div>Netto: <strong id=\"mmp_price_net_185\">\u2013<\/strong><\/div>\n                            <div>Brutto: <strong id=\"mmp_price_gross_185\">\u2013<\/strong><\/div>\n                            <div style=\"margin-top:8px;display:flex;gap:14px;flex-wrap:wrap;opacity:.95;\">\n                                <div>Kalendertage: <strong id=\"mmp_days_calendar_185\">\u2013<\/strong><\/div>\n                                <div>Berechnungstage: <strong id=\"mmp_days_billable_185\">\u2013<\/strong><\/div>\n                            <\/div>\n                            <div style=\"margin-top:6px;font-size:12px;opacity:.75;\">\n                                Regel: Die ersten 3 Kalendertage werden preislich als 1 Tag berechnet.\n                            <\/div>\n                            <div class=\"mmp-cart-hint\">Hinweis: Logistik\/Anfahrt, Setup\/Abbau werden im Warenkorb berechnet.<\/div>\n                        <\/div>\n                    <\/div>\n\n                    <button type=\"submit\" name=\"mmp_add_to_cart\" value=\"1\"\n                            style=\"width:100%;padding:12px;border-radius:12px;border:0;background:#111;color:#fff;font-weight:800;cursor:pointer;\">\n                        In den Warenkorb\n                    <\/button>\n\n                                    <\/form>\n\n                            <\/div>\n        <\/div>\n    <\/div>\n\n    <script>\n    jQuery(function($){\n        const $start = $('input[name=\"mmp_start\"]');\n        const $end   = $('input[name=\"mmp_end\"]');\n\n        $start.datepicker({\n            dateFormat: 'yy-mm-dd',\n            minDate: 0,\n            onSelect: function(selected){\n                try {\n                    const d = $.datepicker.parseDate('yy-mm-dd', selected);\n                    $end.datepicker('option', 'minDate', d);\n                    const currentEnd = $end.val();\n                    if(currentEnd){\n                        const de = $.datepicker.parseDate('yy-mm-dd', currentEnd);\n                        if(de < d) $end.val(selected);\n                    }\n                } catch(e){}\n            }\n        });\n\n        $end.datepicker({\n            dateFormat: 'yy-mm-dd',\n            minDate: 0\n        });\n\n        $(document).on('click', '.mmp-thumb-btn', function(){\n            var targetSel = $(this).data('target');\n            var largeUrl  = $(this).data('large');\n            if (!targetSel || !largeUrl) return;\n            var $img = $(targetSel);\n            if ($img.length) $img.attr('src', largeUrl);\n        });\n\n        (function(){\n            const pid = 185;\n\n            const prices = {\n                kauf:  79,\n                p3:    8,\n                p14:   6,\n                vat:   0.19            };\n\n            function parseDate(s){\n                if(!s) return null;\n                const m = s.match(\/^(\\d{4})-(\\d{2})-(\\d{2})$\/);\n                if(!m) return null;\n                return new Date(parseInt(m[1],10), parseInt(m[2],10)-1, parseInt(m[3],10));\n            }\n\n            function daysBetweenInclusive(a,b){\n                if(!a || !b) return 0;\n                const ms = b.getTime() - a.getTime();\n                const d = Math.floor(ms \/ (1000*60*60*24));\n                return d >= 0 ? (d + 1) : 0;\n            }\n\n            function money(v){\n                return v.toLocaleString('de-DE', {minimumFractionDigits: 2, maximumFractionDigits: 2}) + ' EUR';\n            }\n\n            function calc(){\n                const $form = $('input[name=\"mmp_pid\"][value=\"'+pid+'\"]').closest('form');\n                if(!$form.length) return;\n\n                const typ = ($form.find('select[name=\"mmp_typ\"]').val() || 'miete');\n                const qty = Math.max(1, parseInt($form.find('input[name=\"mmp_qty\"]').val() || '1', 10));\n\n                \/\/ Hide date fields for kauf\n                const $dates = $form.find('.mmp_rental_dates');\n                if (typ === 'kauf') {\n                    $dates.hide();\n                    $form.find('input[name=\"mmp_start\"], input[name=\"mmp_end\"]').val('');\n                } else {\n                    $dates.show();\n                }\n\n                if (typ === 'kauf') {\n                    const net = (prices.kauf || 0) * qty;\n                    const gross = net * (1 + (prices.vat || 0));\n                    $('#mmp_price_net_'+pid).text(money(net));\n                    $('#mmp_price_gross_'+pid).text(money(gross));\n                    $('#mmp_days_calendar_'+pid).text('\u2013');\n                    $('#mmp_days_billable_'+pid).text('\u2013');\n                    return;\n                }\n\n                const start = parseDate($form.find('input[name=\"mmp_start\"]').val());\n                const end   = parseDate($form.find('input[name=\"mmp_end\"]').val());\n\n                \/\/ Calendar days (inclusive) vs. billable days (pricing rule: first 3 calendar days count as 1)\n                const calendarDays = daysBetweenInclusive(start, end);\n                const billableDays = (calendarDays > 0) ? Math.max(1, calendarDays - 2) : 1;\n\n                \/\/ Display helper values (so customers understand the rule)\n                $('#mmp_days_calendar_'+pid).text(calendarDays > 0 ? String(calendarDays) : '\u2013');\n                $('#mmp_days_billable_'+pid).text(calendarDays > 0 ? String(billableDays) : '\u2013');\n\n                \/\/ Rate selection matches backend: switch to p14 only from 14 calendar days onwards\n                let rate = prices.p3;\n                if (calendarDays >= 14 && prices.p14 > 0) rate = prices.p14;\n\n                let net = qty * billableDays * rate;\n\n                net = Math.max(0, net);\n                const gross = net * (1 + prices.vat);\n\n                $('#mmp_price_net_'+pid).text(money(net));\n                $('#mmp_price_gross_'+pid).text(money(gross));\n            }\n\n            $(document).on('change input', 'select[name=\"mmp_typ\"], input[name=\"mmp_qty\"], input[name=\"mmp_start\"], input[name=\"mmp_end\"]', calc);\n            calc();\n        })();\n    });\n    <\/script>\n    \n<p><b>Der Party-Mittelpunkt: eleganter Stehtisch<\/b><\/p>\n<p>Ob f\u00fcr den festlichen Sektempfang, zur Gartenparty oder zur romantischen Hochzeit: der\u00a0<b>klappbare CASARIA\u00ae Stehtisch<\/b>\u00a0mit Husse macht auf jeder Feier eine gute Figur. Er ist\u00a0<b>110 cm hoch<\/b>\u00a0und hat eine Tischplatte mit 70 cm Durchmesser.<\/p>\n<p>Mit seinem schlichten Design und der passenden Husse schaffst du sofort eine stilvolle Atmosph\u00e4re. Der Tisch verf\u00fcgt \u00fcber\u00a0<b>h\u00f6henverstellbare F\u00fc\u00dfe<\/b>\u00a0und eine kratzfeste,\u00a0<b>witterungsbest\u00e4ndige Tischplatte<\/b>\u00a0aus MDF mit PVC-Beschichtung und ist f\u00fcr den Innen- und Au\u00dfenbereich geeignet.<\/p>\n<p>Zus\u00e4tzlich befinden sich am Bartisch\u00a0<b>2 Haken<\/b>, an denen Taschen oder Jacken aufh\u00e4ngt werden k\u00f6nnen. Das Set ist\u00a0<b>leicht zu reinigen<\/b>\u00a0und kann platzsparend verstaut werden, die Tischplatte l\u00e4sst sich einfach herunterklappen. Perfekt f\u00fcr private Feiern, Hochzeiten und andere Events!<\/p>\n<p><b>Produktvorteile:<\/b><\/p>\n<ul>\n<li>70 cm breite Tischplatte<\/li>\n<li>Tisch einfach zu reinigen, Husse bei 30\u00b0 C waschbar<\/li>\n<li>Tisch kratzfest, witterungs- und UV-lichtbest\u00e4ndig<\/li>\n<li>4 h\u00f6henverstellbare F\u00fc\u00dfe<\/li>\n<li>2 Haken f\u00fcr Jacken und Taschen<\/li>\n<li>Platzsparend klappbar<\/li>\n<\/ul>\n<p><b>Technische Daten:<\/b><\/p>\n<ul>\n<li>H\u00f6he Tisch: 110 cm<\/li>\n<li>Dicke Tischplatte: 1,8 cm<\/li>\n<li>Durchmesser Tischplatte: 70 cm<\/li>\n<li>Material Tischbeine: pulverbeschichtetes Metall<\/li>\n<li>Material Tischplatte: MDF mit PVC-Beschichtung<\/li>\n<li>Max. Belastung: 100 kg<\/li>\n<li>Farbe Tisch: Wei\u00df<\/li>\n<\/ul>\n<div class=\"wp-col-right\"><\/div>\n","protected":false},"excerpt":{"rendered":"<div class=\"mh-excerpt\">Der Party-Mittelpunkt: eleganter Stehtisch Ob f\u00fcr den festlichen Sektempfang, zur Gartenparty oder zur romantischen Hochzeit: der\u00a0klappbare CASARIA\u00ae Stehtisch\u00a0mit Husse macht auf jeder Feier eine gute Figur. Er ist\u00a0110 cm hoch\u00a0und hat eine Tischplatte mit 70 <a class=\"mh-excerpt-more\" href=\"https:\/\/eventmoebel-nord.de\/?page_id=452\" title=\"Stehtisch Wei\u00df 110x70cm\">[&#8230;]<\/a><\/div>\n","protected":false},"author":1,"featured_media":377,"parent":0,"menu_order":0,"comment_status":"closed","ping_status":"closed","template":"template-full.php","meta":{"footnotes":""},"class_list":["post-452","page","type-page","status-publish","has-post-thumbnail"],"_links":{"self":[{"href":"https:\/\/eventmoebel-nord.de\/index.php?rest_route=\/wp\/v2\/pages\/452","targetHints":{"allow":["GET"]}}],"collection":[{"href":"https:\/\/eventmoebel-nord.de\/index.php?rest_route=\/wp\/v2\/pages"}],"about":[{"href":"https:\/\/eventmoebel-nord.de\/index.php?rest_route=\/wp\/v2\/types\/page"}],"author":[{"embeddable":true,"href":"https:\/\/eventmoebel-nord.de\/index.php?rest_route=\/wp\/v2\/users\/1"}],"replies":[{"embeddable":true,"href":"https:\/\/eventmoebel-nord.de\/index.php?rest_route=%2Fwp%2Fv2%2Fcomments&post=452"}],"version-history":[{"count":4,"href":"https:\/\/eventmoebel-nord.de\/index.php?rest_route=\/wp\/v2\/pages\/452\/revisions"}],"predecessor-version":[{"id":456,"href":"https:\/\/eventmoebel-nord.de\/index.php?rest_route=\/wp\/v2\/pages\/452\/revisions\/456"}],"wp:featuredmedia":[{"embeddable":true,"href":"https:\/\/eventmoebel-nord.de\/index.php?rest_route=\/wp\/v2\/media\/377"}],"wp:attachment":[{"href":"https:\/\/eventmoebel-nord.de\/index.php?rest_route=%2Fwp%2Fv2%2Fmedia&parent=452"}],"curies":[{"name":"wp","href":"https:\/\/api.w.org\/{rel}","templated":true}]}}