{"id":464,"date":"2026-01-30T09:27:25","date_gmt":"2026-01-30T08:27:25","guid":{"rendered":"https:\/\/eventmoebel-nord.de\/?page_id=464"},"modified":"2026-02-02T09:34:07","modified_gmt":"2026-02-02T08:34:07","slug":"tischkicker-elektronische-dartboards-oder-billardtische","status":"publish","type":"page","link":"https:\/\/eventmoebel-nord.de\/?page_id=464","title":{"rendered":"Tischkicker, elekt. Dartboards, Billardtische"},"content":{"rendered":"<h3 data-start=\"0\" data-end=\"52\">Spielspa\u00df mieten \u2013 f\u00fcr Events mit Erlebnisfaktor<\/h3>\n<p data-start=\"54\" data-end=\"408\" data-is-last-node=\"\" data-is-only-node=\"\"><img loading=\"lazy\" decoding=\"async\" class=\"alignleft wp-image-379 size-medium\" src=\"https:\/\/eventmoebel-nord.de\/wp-content\/uploads\/2026\/01\/Tischkicker-Image-26.-Jan.-2026-11_50_03-200x300.png\" alt=\"\" width=\"200\" height=\"300\" srcset=\"https:\/\/eventmoebel-nord.de\/wp-content\/uploads\/2026\/01\/Tischkicker-Image-26.-Jan.-2026-11_50_03-200x300.png 200w, https:\/\/eventmoebel-nord.de\/wp-content\/uploads\/2026\/01\/Tischkicker-Image-26.-Jan.-2026-11_50_03-683x1024.png 683w, https:\/\/eventmoebel-nord.de\/wp-content\/uploads\/2026\/01\/Tischkicker-Image-26.-Jan.-2026-11_50_03-768x1152.png 768w, https:\/\/eventmoebel-nord.de\/wp-content\/uploads\/2026\/01\/Tischkicker-Image-26.-Jan.-2026-11_50_03.png 1024w\" sizes=\"auto, (max-width: 200px) 100vw, 200px\" \/>Mehr Action. Mehr Interaktion. Mehr Spa\u00df.. Ob <strong data-start=\"57\" data-end=\"72\">Tischkicker<\/strong>, <strong data-start=\"74\" data-end=\"102\">elektronische Dartboards<\/strong> oder <strong data-start=\"108\" data-end=\"125\">Billardtische<\/strong>: Wir bringen Bewegung, Wettkampf und Unterhaltung auf Ihr Event. Ideal f\u00fcr Firmenfeiern, Messen, Roadshows oder private Veranstaltungen. Hochwertige Ger\u00e4te, flexible Mietdauer und zuverl\u00e4ssiger Service \u2013<\/p>\n<div style=\"clear: both;\"><\/div>\n<p><strong>Ihre Anfrage an uns:<\/strong><\/p>\n    <form method=\"post\" class=\"kf-form\" novalidate>\n        \n        \n        <!-- Zeile 1: Anrede | Vorname | Nachname -->\n        <div class=\"kf-grid kf-grid--3\">\n            <div class=\"kf-field\">\n                <label for=\"kf_anrede\">Anrede*<\/label>\n                <select id=\"kf_anrede\" name=\"kf_anrede\" required>\n                                            <option value=\"Herr\" >\n                            Herr                        <\/option>\n                                            <option value=\"Frau\" >\n                            Frau                        <\/option>\n                                            <option value=\"Divers\" >\n                            Divers                        <\/option>\n                                            <option value=\"Keine Angabe\" >\n                            Keine Angabe                        <\/option>\n                                    <\/select>\n            <\/div>\n\n            <div class=\"kf-field\">\n                <label for=\"kf_vorname\">Vorname*<\/label>\n                <input id=\"kf_vorname\" name=\"kf_vorname\" type=\"text\" required value=\"\">\n            <\/div>\n\n            <div class=\"kf-field\">\n                <label for=\"kf_nachname\">Nachname*<\/label>\n                <input id=\"kf_nachname\" name=\"kf_nachname\" type=\"text\" required value=\"\">\n            <\/div>\n        <\/div>\n\n        <!-- Zeile 2: Telefon | E-Mail -->\n        <div class=\"kf-grid kf-grid--2\">\n            <div class=\"kf-field\">\n                <label for=\"kf_telefon\">Telefon<\/label>\n                <input id=\"kf_telefon\" name=\"kf_telefon\" type=\"tel\" value=\"\" placeholder=\"+49 \u2026\">\n            <\/div>\n\n            <div class=\"kf-field\">\n                <label for=\"kf_email\">E-Mail*<\/label>\n                <input id=\"kf_email\" name=\"kf_email\" type=\"email\" required value=\"\">\n            <\/div>\n        <\/div>\n\n        <!-- Nachricht -->\n        <div class=\"kf-field\">\n            <label for=\"kf_msg\">Nachricht*<\/label>\n            <textarea id=\"kf_msg\" name=\"kf_msg\" rows=\"6\" required><\/textarea>\n        <\/div>\n\n        <!-- Captcha + Button -->\n        <div class=\"kf-grid kf-grid--2 kf-grid--captcha\">\n            <div class=\"kf-field\">\n                <label for=\"kf_captcha\">Anti-Spam: 1 + 6 = ? *<\/label>\n                <input id=\"kf_captcha\" name=\"kf_captcha\" type=\"number\" required inputmode=\"numeric\">\n            <\/div>\n\n            <div class=\"kf-actions\">\n                <input type=\"hidden\" id=\"kf_nonce\" name=\"kf_nonce\" value=\"c3b81f9b68\" \/><input type=\"hidden\" name=\"_wp_http_referer\" value=\"\/index.php?rest_route=%2Fwp%2Fv2%2Fpages%2F464\" \/>                <button type=\"submit\" name=\"kf_submit\" value=\"1\" class=\"kf-btn\">Senden<\/button>\n            <\/div>\n        <\/div>\n\n        <!-- Honeypot (unsichtbar) -->\n        <div class=\"kf-hp\">\n            <label>Bitte leer lassen<\/label>\n            <input type=\"text\" name=\"kf_hp\" tabindex=\"-1\" autocomplete=\"off\">\n        <\/div>\n    <\/form>\n\n    <style>\n        \/* Scope: nur dieses Formular *\/\n        .kf-form{\n            max-width: 720px;\n            padding: 14px;\n            border: 1px solid rgba(0,0,0,.12);\n            border-radius: 12px;\n            background: rgba(255,255,255,.75);\n        }\n\n        .kf-alert{\n            padding: 10px 12px;\n            border-radius: 10px;\n            margin-bottom: 12px;\n            border: 1px solid rgba(0,0,0,.12);\n        }\n        .kf-alert--success{\n            border-color: rgba(46,125,50,.35);\n            background: rgba(232,245,233,.9);\n        }\n        .kf-alert--error{\n            border-color: rgba(183,28,28,.35);\n            background: rgba(255,235,238,.9);\n        }\n        .kf-alert ul{ margin:0; padding-left: 18px; }\n\n        .kf-field{ display:block; }\n        .kf-field label{\n            display:block;\n            font-size: .92rem;\n            margin: 0 0 6px 0;\n            font-weight: 600;\n        }\n\n        .kf-field input,\n        .kf-field select,\n        .kf-field textarea{\n            width: 100%;\n            box-sizing: border-box;\n            border: 1px solid rgba(0,0,0,.18);\n            border-radius: 10px;\n            padding: 10px 12px;\n            font-size: 1rem;\n            line-height: 1.2;\n            background: #fff;\n        }\n\n        .kf-field textarea{ resize: vertical; min-height: 140px; }\n\n        .kf-grid{\n            display: grid;\n            gap: 12px;\n            margin-bottom: 12px;\n        }\n        .kf-grid--3{ grid-template-columns: repeat(3, minmax(0,1fr)); }\n        .kf-grid--2{ grid-template-columns: repeat(2, minmax(0,1fr)); }\n\n        .kf-grid--captcha{\n            align-items: end;\n        }\n\n        .kf-actions{\n            display:flex;\n            justify-content:flex-end;\n            align-items:end;\n        }\n\n        .kf-btn{\n            appearance: none;\n            border: 0;\n            border-radius: 12px;\n            padding: 12px 16px;\n            font-size: 1rem;\n            font-weight: 700;\n            cursor: pointer;\n            background: #111;\n            color: #fff;\n        }\n        .kf-btn:hover{ opacity: .92; }\n\n        \/* Mobile: alles untereinander *\/\n        @media (max-width: 720px){\n            .kf-grid--3{ grid-template-columns: 1fr; }\n            .kf-grid--2{ grid-template-columns: 1fr; }\n            .kf-actions{ justify-content: stretch; }\n            .kf-btn{ width:100%; }\n        }\n\n        \/* Honeypot wirklich unsichtbar *\/\n        .kf-hp{\n            position: absolute;\n            left: -9999px;\n            width: 1px;\n            height: 1px;\n            overflow: hidden;\n        }\n    <\/style>\n    \n","protected":false},"excerpt":{"rendered":"<div class=\"mh-excerpt\">Spielspa\u00df mieten \u2013 f\u00fcr Events mit Erlebnisfaktor Mehr Action. Mehr Interaktion. Mehr Spa\u00df.. Ob Tischkicker, elektronische Dartboards oder Billardtische: Wir bringen Bewegung, Wettkampf und Unterhaltung auf Ihr Event. Ideal f\u00fcr Firmenfeiern, Messen, Roadshows oder private <a class=\"mh-excerpt-more\" href=\"https:\/\/eventmoebel-nord.de\/?page_id=464\" title=\"Tischkicker, elekt. Dartboards, Billardtische\">[&#8230;]<\/a><\/div>\n","protected":false},"author":1,"featured_media":208,"parent":0,"menu_order":0,"comment_status":"closed","ping_status":"closed","template":"template-full.php","meta":{"footnotes":""},"class_list":["post-464","page","type-page","status-publish","has-post-thumbnail"],"_links":{"self":[{"href":"https:\/\/eventmoebel-nord.de\/index.php?rest_route=\/wp\/v2\/pages\/464","targetHints":{"allow":["GET"]}}],"collection":[{"href":"https:\/\/eventmoebel-nord.de\/index.php?rest_route=\/wp\/v2\/pages"}],"about":[{"href":"https:\/\/eventmoebel-nord.de\/index.php?rest_route=\/wp\/v2\/types\/page"}],"author":[{"embeddable":true,"href":"https:\/\/eventmoebel-nord.de\/index.php?rest_route=\/wp\/v2\/users\/1"}],"replies":[{"embeddable":true,"href":"https:\/\/eventmoebel-nord.de\/index.php?rest_route=%2Fwp%2Fv2%2Fcomments&post=464"}],"version-history":[{"count":6,"href":"https:\/\/eventmoebel-nord.de\/index.php?rest_route=\/wp\/v2\/pages\/464\/revisions"}],"predecessor-version":[{"id":496,"href":"https:\/\/eventmoebel-nord.de\/index.php?rest_route=\/wp\/v2\/pages\/464\/revisions\/496"}],"wp:featuredmedia":[{"embeddable":true,"href":"https:\/\/eventmoebel-nord.de\/index.php?rest_route=\/wp\/v2\/media\/208"}],"wp:attachment":[{"href":"https:\/\/eventmoebel-nord.de\/index.php?rest_route=%2Fwp%2Fv2%2Fmedia&parent=464"}],"curies":[{"name":"wp","href":"https:\/\/api.w.org\/{rel}","templated":true}]}}