{"id":474,"date":"2026-01-30T09:41:10","date_gmt":"2026-01-30T08:41:10","guid":{"rendered":"https:\/\/eventmoebel-nord.de\/?page_id=474"},"modified":"2026-02-02T10:58:29","modified_gmt":"2026-02-02T09:58:29","slug":"lounge-moebel","status":"publish","type":"page","link":"https:\/\/eventmoebel-nord.de\/?page_id=474","title":{"rendered":"Stilvolle Lounge-M\u00f6bel"},"content":{"rendered":"<h2 data-start=\"0\" data-end=\"51\">Stilvolle Lounge-M\u00f6bel f\u00fcr Events mit Atmosph\u00e4re<\/h2>\n<p data-start=\"53\" data-end=\"370\"><img loading=\"lazy\" decoding=\"async\" class=\"size-medium wp-image-476 alignleft\" src=\"https:\/\/eventmoebel-nord.de\/wp-content\/uploads\/2026\/01\/Loungemoebel-300x225.jpg\" alt=\"\" width=\"300\" height=\"225\" srcset=\"https:\/\/eventmoebel-nord.de\/wp-content\/uploads\/2026\/01\/Loungemoebel-300x225.jpg 300w, https:\/\/eventmoebel-nord.de\/wp-content\/uploads\/2026\/01\/Loungemoebel-768x576.jpg 768w, https:\/\/eventmoebel-nord.de\/wp-content\/uploads\/2026\/01\/Loungemoebel-678x509.jpg 678w, https:\/\/eventmoebel-nord.de\/wp-content\/uploads\/2026\/01\/Loungemoebel-326x245.jpg 326w, https:\/\/eventmoebel-nord.de\/wp-content\/uploads\/2026\/01\/Loungemoebel-80x60.jpg 80w, https:\/\/eventmoebel-nord.de\/wp-content\/uploads\/2026\/01\/Loungemoebel.jpg 1024w\" sizes=\"auto, (max-width: 300px) 100vw, 300px\" \/>Ob <strong data-start=\"56\" data-end=\"72\">Lounge-M\u00f6bel<\/strong>, <strong data-start=\"74\" data-end=\"94\">Sitzlandschaften<\/strong> oder weitere <strong data-start=\"108\" data-end=\"129\">Event-Ausstattung<\/strong> \u2013 wir schaffen R\u00e4ume zum Ankommen, Austauschen und Wohlf\u00fchlen. Ideal f\u00fcr Messen, Firmenveranstaltungen, Empf\u00e4nge oder exklusive Events. Hochwertiges Design, flexible Mietmodelle und zuverl\u00e4ssiger Service \u2013 <strong data-start=\"336\" data-end=\"369\">alles individuell auf Anfrage<\/strong>.<\/p>\n<div style=\"clear: both;\"><\/div>\n<p><strong>Ihre Anfrage an uns:<\/strong><\/p>\n    <form method=\"post\" class=\"kf-form\" novalidate>\n        \n        \n        <!-- Zeile 1: Anrede | Vorname | Nachname -->\n        <div class=\"kf-grid kf-grid--3\">\n            <div class=\"kf-field\">\n                <label for=\"kf_anrede\">Anrede*<\/label>\n                <select id=\"kf_anrede\" name=\"kf_anrede\" required>\n                                            <option value=\"Herr\" >\n                            Herr                        <\/option>\n                                            <option value=\"Frau\" >\n                            Frau                        <\/option>\n                                            <option value=\"Divers\" >\n                            Divers                        <\/option>\n                                            <option value=\"Keine Angabe\" >\n                            Keine Angabe                        <\/option>\n                                    <\/select>\n            <\/div>\n\n            <div class=\"kf-field\">\n                <label for=\"kf_vorname\">Vorname*<\/label>\n                <input id=\"kf_vorname\" name=\"kf_vorname\" type=\"text\" required value=\"\">\n            <\/div>\n\n            <div class=\"kf-field\">\n                <label for=\"kf_nachname\">Nachname*<\/label>\n                <input id=\"kf_nachname\" name=\"kf_nachname\" type=\"text\" required value=\"\">\n            <\/div>\n        <\/div>\n\n        <!-- Zeile 2: Telefon | E-Mail -->\n        <div class=\"kf-grid kf-grid--2\">\n            <div class=\"kf-field\">\n                <label for=\"kf_telefon\">Telefon<\/label>\n                <input id=\"kf_telefon\" name=\"kf_telefon\" type=\"tel\" value=\"\" placeholder=\"+49 \u2026\">\n            <\/div>\n\n            <div class=\"kf-field\">\n                <label for=\"kf_email\">E-Mail*<\/label>\n                <input id=\"kf_email\" name=\"kf_email\" type=\"email\" required value=\"\">\n            <\/div>\n        <\/div>\n\n        <!-- Nachricht -->\n        <div class=\"kf-field\">\n            <label for=\"kf_msg\">Nachricht*<\/label>\n            <textarea id=\"kf_msg\" name=\"kf_msg\" rows=\"6\" required><\/textarea>\n        <\/div>\n\n        <!-- Captcha + Button -->\n        <div class=\"kf-grid kf-grid--2 kf-grid--captcha\">\n            <div class=\"kf-field\">\n                <label for=\"kf_captcha\">Anti-Spam: 5 + 3 = ? *<\/label>\n                <input id=\"kf_captcha\" name=\"kf_captcha\" type=\"number\" required inputmode=\"numeric\">\n            <\/div>\n\n            <div class=\"kf-actions\">\n                <input type=\"hidden\" id=\"kf_nonce\" name=\"kf_nonce\" value=\"c3b81f9b68\" \/><input type=\"hidden\" name=\"_wp_http_referer\" value=\"\/index.php?rest_route=%2Fwp%2Fv2%2Fpages%2F474\" \/>                <button type=\"submit\" name=\"kf_submit\" value=\"1\" class=\"kf-btn\">Senden<\/button>\n            <\/div>\n        <\/div>\n\n        <!-- Honeypot (unsichtbar) -->\n        <div class=\"kf-hp\">\n            <label>Bitte leer lassen<\/label>\n            <input type=\"text\" name=\"kf_hp\" tabindex=\"-1\" autocomplete=\"off\">\n        <\/div>\n    <\/form>\n\n    <style>\n        \/* Scope: nur dieses Formular *\/\n        .kf-form{\n            max-width: 720px;\n            padding: 14px;\n            border: 1px solid rgba(0,0,0,.12);\n            border-radius: 12px;\n            background: rgba(255,255,255,.75);\n        }\n\n        .kf-alert{\n            padding: 10px 12px;\n            border-radius: 10px;\n            margin-bottom: 12px;\n            border: 1px solid rgba(0,0,0,.12);\n        }\n        .kf-alert--success{\n            border-color: rgba(46,125,50,.35);\n            background: rgba(232,245,233,.9);\n        }\n        .kf-alert--error{\n            border-color: rgba(183,28,28,.35);\n            background: rgba(255,235,238,.9);\n        }\n        .kf-alert ul{ margin:0; padding-left: 18px; }\n\n        .kf-field{ display:block; }\n        .kf-field label{\n            display:block;\n            font-size: .92rem;\n            margin: 0 0 6px 0;\n            font-weight: 600;\n        }\n\n        .kf-field input,\n        .kf-field select,\n        .kf-field textarea{\n            width: 100%;\n            box-sizing: border-box;\n            border: 1px solid rgba(0,0,0,.18);\n            border-radius: 10px;\n            padding: 10px 12px;\n            font-size: 1rem;\n            line-height: 1.2;\n            background: #fff;\n        }\n\n        .kf-field textarea{ resize: vertical; min-height: 140px; }\n\n        .kf-grid{\n            display: grid;\n            gap: 12px;\n            margin-bottom: 12px;\n        }\n        .kf-grid--3{ grid-template-columns: repeat(3, minmax(0,1fr)); }\n        .kf-grid--2{ grid-template-columns: repeat(2, minmax(0,1fr)); }\n\n        .kf-grid--captcha{\n            align-items: end;\n        }\n\n        .kf-actions{\n            display:flex;\n            justify-content:flex-end;\n            align-items:end;\n        }\n\n        .kf-btn{\n            appearance: none;\n            border: 0;\n            border-radius: 12px;\n            padding: 12px 16px;\n            font-size: 1rem;\n            font-weight: 700;\n            cursor: pointer;\n            background: #111;\n            color: #fff;\n        }\n        .kf-btn:hover{ opacity: .92; }\n\n        \/* Mobile: alles untereinander *\/\n        @media (max-width: 720px){\n            .kf-grid--3{ grid-template-columns: 1fr; }\n            .kf-grid--2{ grid-template-columns: 1fr; }\n            .kf-actions{ justify-content: stretch; }\n            .kf-btn{ width:100%; }\n        }\n\n        \/* Honeypot wirklich unsichtbar *\/\n        .kf-hp{\n            position: absolute;\n            left: -9999px;\n            width: 1px;\n            height: 1px;\n            overflow: hidden;\n        }\n    <\/style>\n    \n","protected":false},"excerpt":{"rendered":"<div class=\"mh-excerpt\">Stilvolle Lounge-M\u00f6bel f\u00fcr Events mit Atmosph\u00e4re Ob Lounge-M\u00f6bel, Sitzlandschaften oder weitere Event-Ausstattung \u2013 wir schaffen R\u00e4ume zum Ankommen, Austauschen und Wohlf\u00fchlen. Ideal f\u00fcr Messen, Firmenveranstaltungen, Empf\u00e4nge oder exklusive Events. Hochwertiges Design, flexible Mietmodelle und zuverl\u00e4ssiger <a class=\"mh-excerpt-more\" href=\"https:\/\/eventmoebel-nord.de\/?page_id=474\" title=\"Stilvolle Lounge-M\u00f6bel\">[&#8230;]<\/a><\/div>\n","protected":false},"author":1,"featured_media":218,"parent":0,"menu_order":0,"comment_status":"closed","ping_status":"closed","template":"template-full.php","meta":{"footnotes":""},"class_list":["post-474","page","type-page","status-publish","has-post-thumbnail"],"_links":{"self":[{"href":"https:\/\/eventmoebel-nord.de\/index.php?rest_route=\/wp\/v2\/pages\/474","targetHints":{"allow":["GET"]}}],"collection":[{"href":"https:\/\/eventmoebel-nord.de\/index.php?rest_route=\/wp\/v2\/pages"}],"about":[{"href":"https:\/\/eventmoebel-nord.de\/index.php?rest_route=\/wp\/v2\/types\/page"}],"author":[{"embeddable":true,"href":"https:\/\/eventmoebel-nord.de\/index.php?rest_route=\/wp\/v2\/users\/1"}],"replies":[{"embeddable":true,"href":"https:\/\/eventmoebel-nord.de\/index.php?rest_route=%2Fwp%2Fv2%2Fcomments&post=474"}],"version-history":[{"count":4,"href":"https:\/\/eventmoebel-nord.de\/index.php?rest_route=\/wp\/v2\/pages\/474\/revisions"}],"predecessor-version":[{"id":494,"href":"https:\/\/eventmoebel-nord.de\/index.php?rest_route=\/wp\/v2\/pages\/474\/revisions\/494"}],"wp:featuredmedia":[{"embeddable":true,"href":"https:\/\/eventmoebel-nord.de\/index.php?rest_route=\/wp\/v2\/media\/218"}],"wp:attachment":[{"href":"https:\/\/eventmoebel-nord.de\/index.php?rest_route=%2Fwp%2Fv2%2Fmedia&parent=474"}],"curies":[{"name":"wp","href":"https:\/\/api.w.org\/{rel}","templated":true}]}}